{"id":6629,"date":"2026-03-04T13:47:05","date_gmt":"2026-03-04T12:47:05","guid":{"rendered":"https:\/\/bruxelles-panthere.thefreecat.org\/?page_id=6629"},"modified":"2026-03-04T14:29:40","modified_gmt":"2026-03-04T13:29:40","slug":"le-site-a-demenage","status":"publish","type":"page","link":"https:\/\/bruxelles-panthere.thefreecat.org\/","title":{"rendered":"Le site a d\u00e9m\u00e9nag\u00e9"},"content":{"rendered":"<p>&nbsp;<\/p>\n<style>\n    body {<br \/>        margin: 0;<br \/>        padding: 0;<br \/>        background: white;<br \/>        font-family: sans-serif;<br \/>        text-align: center;<br \/>    }<br \/>    .wrapper {<br \/>        margin-top: 20px; \/* marge plus fine entre l\u2019image et le texte *\/<br \/>    }<br \/>    .logo-rounded {<br \/>        border-radius: 12px; \/* l\u00e9ger arrondi *\/<br \/>        display: block;<br \/>        margin: 0 auto;<br \/>    }<br \/>    .link-box {<br \/>        background: black;<br \/>        padding: 0 15px;<br \/>        display: inline-block; \/* emp\u00eache tout d\u00e9bordement *\/<br \/>    }<br \/><\/style>\n<p><img loading=\"lazy\" decoding=\"async\" class=\"logo-rounded\" src=\"https:\/\/bruxelles-panthere.thefreecat.org\/wp-content\/uploads\/2026\/03\/BP-full-logo.jpg\" alt=\"\" width=\"647\" height=\"458\" \/><\/p>\n<p><span style=\"color: red; font-size: 40px; font-weight: bold;\">Le site a d\u00e9m\u00e9nag\u00e9 !<\/span><\/p>\n<div class=\"wrapper\">\n<p style=\"color: green; font-size: 32px; font-weight: bold; margin-bottom: 0;\">Nouvelle adresse :<\/p>\n<p style=\"color: green; font-size: 32px; font-weight: bold; margin-bottom: 0;\"><span class=\"link-box\"><br \/>\n<a style=\"font-weight: bold; text-decoration: underline; font-family: 'Brush Script MT', cursive; color: #66ccff;\" href=\"https:\/\/bruxelles-pantheres.be\" target=\"_blank\" rel=\"noopener\"><span style=\"color: #0000ff; text-decoration: underline;\">https:\/\/bruxelles-pantheres.be<\/span><br \/>\n<\/a><br \/>\n<\/span><\/p>\n<\/div>\n<p>&nbsp;<\/p>\n<p><span style=\"color: #800080;\"><em><strong>La libert\u00e9, la justice et l&rsquo;\u00e9galit\u00e9, par tous les moyens n\u00e9cessaires ! <\/strong><\/em><\/span><br \/>\n<span style=\"color: #800080;\"><em><strong>Malcolm X<\/strong><\/em><\/span><\/p>\n","protected":false},"excerpt":{"rendered":"<p>&nbsp; Le site a d\u00e9m\u00e9nag\u00e9 ! Nouvelle adresse : https:\/\/bruxelles-pantheres.be &nbsp; La libert\u00e9, la justice et l&rsquo;\u00e9galit\u00e9, par tous les moyens n\u00e9cessaires ! Malcolm X<\/p>\n","protected":false},"author":1229,"featured_media":0,"parent":0,"menu_order":0,"comment_status":"closed","ping_status":"closed","template":"","meta":{"footnotes":""},"class_list":["post-6629","page","type-page","status-publish"],"_links":{"self":[{"href":"https:\/\/bruxelles-panthere.thefreecat.org\/index.php?rest_route=\/wp\/v2\/pages\/6629","targetHints":{"allow":["GET"]}}],"collection":[{"href":"https:\/\/bruxelles-panthere.thefreecat.org\/index.php?rest_route=\/wp\/v2\/pages"}],"about":[{"href":"https:\/\/bruxelles-panthere.thefreecat.org\/index.php?rest_route=\/wp\/v2\/types\/page"}],"author":[{"embeddable":true,"href":"https:\/\/bruxelles-panthere.thefreecat.org\/index.php?rest_route=\/wp\/v2\/users\/1229"}],"replies":[{"embeddable":true,"href":"https:\/\/bruxelles-panthere.thefreecat.org\/index.php?rest_route=%2Fwp%2Fv2%2Fcomments&post=6629"}],"version-history":[{"count":45,"href":"https:\/\/bruxelles-panthere.thefreecat.org\/index.php?rest_route=\/wp\/v2\/pages\/6629\/revisions"}],"predecessor-version":[{"id":6681,"href":"https:\/\/bruxelles-panthere.thefreecat.org\/index.php?rest_route=\/wp\/v2\/pages\/6629\/revisions\/6681"}],"wp:attachment":[{"href":"https:\/\/bruxelles-panthere.thefreecat.org\/index.php?rest_route=%2Fwp%2Fv2%2Fmedia&parent=6629"}],"curies":[{"name":"wp","href":"https:\/\/api.w.org\/{rel}","templated":true}]}}